{"id":95,"date":"2017-05-04T16:13:47","date_gmt":"2017-05-04T14:13:47","guid":{"rendered":"https:\/\/bonagro.eu\/?page_id=95"},"modified":"2026-01-19T12:02:19","modified_gmt":"2026-01-19T11:02:19","slug":"vks","status":"publish","type":"page","link":"https:\/\/bonagro.eu\/index.php\/vks\/","title":{"rendered":"VKS &#8211;  BONAFEED"},"content":{"rendered":"\n<figure class=\"wp-block-image\"><img decoding=\"async\" src=\"https:\/\/cdn.myshoptet.com\/usr\/www.bonafeed.cz\/user\/logos\/bonafeed_color.jpg\" alt=\"BonaFeed.cz\"\/><\/figure>\n\n\n\n<p><\/p>\n\n\n\n<p>V\u00fdrobna krmn\u00fdch sm\u011bs\u00ed<br>M\u00edch\u00e1rna a su\u0161\u00e1rna krmiv spolu se skladovac\u00ed kapacitou se nach\u00e1z\u00ed na st\u0159edisku v Ji\u0159\u00edkovic\u00edch. V\u00fdrobna krmn\u00fdch sm\u011bs\u00ed zaji\u0161\u0165uje pot\u0159ebu vlastn\u00ed \u017eivo\u010di\u0161n\u00e9 v\u00fdroby a vyr\u00e1b\u00ed sm\u011bsi i pro ostatn\u00ed odb\u011bratele. V roce 2004 prob\u011bhla modernizace m\u00edch\u00e1rny. Cel\u00fd provoz je \u0159\u00edzen v\u00fdpo\u010detn\u00ed technikou a odpov\u00edd\u00e1 v\u0161em po\u017eadavk\u016fm dan\u00fdm z\u00e1konem, vyhl\u00e1\u0161kou a sm\u011brnic\u00ed EU. Provoz je zaregistrov\u00e1n v registratu\u0159e v\u00fdroben krmn\u00fdch sm\u011bs\u00ed. Vyr\u00e1b\u00edme krmn\u00e9 sm\u011bsi pro skot, prasata, dr\u016fbe\u017e a ostatn\u00ed hospod\u00e1\u0159sk\u00e1 zv\u00ed\u0159ata jako jsou kon\u011b, kr\u00e1l\u00edci, atd. Krmn\u00e9 sm\u011bsi vyr\u00e1b\u00edme ve form\u011b sypk\u00e9 nebo granulovan\u00e9 dle po\u017eadavk\u016f z\u00e1kazn\u00edka. Dopravu voln\u011b lo\u017een\u00fdch krmiv prov\u00e1d\u00edme vlastn\u00edm dvoukomorov\u00fdm p\u0159epravn\u00edkem vozidlem MAN TGA 26.400 o u\u017eitn\u00e9 hmotnosti 15 tun. Krmn\u00e9 sm\u011bsi vyr\u00e1b\u00edme tak\u00e9 pytlovan\u00e9 s mo\u017enost\u00ed dovozu nebo odb\u011bru p\u0159\u00edmo ve v\u00fdrobn\u00edm z\u00e1vod\u011b m\u00edch\u00e1rny. V\u00fdrobna krmn\u00fdch sm\u011bs\u00ed m\u00e1 ro\u010dn\u00ed produkci 5500 tun sm\u011bs\u00ed.<br>Su\u0161\u00e1rna krmiv byla modernizov\u00e1na v roce 2009 z pen\u011bz EU. \u010cinnost su\u0161\u00e1rny je pln\u011b automatizov\u00e1na. Na su\u0161\u00e1rn\u011b dosou\u0161\u00edme velkoobjemovou hmotu nap\u0159\u00edklad vojt\u011b\u0161ku, jetel \u010derven\u00fd, jetelotr\u00e1vy, kuku\u0159ici, bob. Kone\u010dn\u00fdm v\u00fdrobkem jsou granule, kter\u00e9 se d\u00e1le spot\u0159ebuj\u00ed do krmn\u00fdch sm\u011bs\u00ed. Su\u0161\u00edc\u00ed m\u00e9dium je zemn\u00ed plyn. Ro\u010dn\u00ed produkce su\u0161\u00e1rny je 1500 tun krmen\u00ed. Voln\u00e1 kapacita \u010din\u00ed 3000 tun.<br><br>Sortiment v\u00fdrobk\u016f:<\/p>\n\n\n\n<p>krmn\u00e9 sm\u011bsi pro skot, prasata<br>krmn\u00e9 sm\u011bsi pro dr\u016fbe\u017e (nosnice, brojlerov\u00e1 ku\u0159ata, kachny, husy, kr\u016fty)<br>krmn\u00e9 sm\u011bsi pro chov a v\u00fdkrm kr\u00e1l\u00edk\u016f<br>krmn\u00e9 sm\u011bsi pro sp\u00e1rkatou zv\u011b\u0159<\/p>\n\n\n\n<p>krmn\u00e9 sm\u011bsi pro kon\u011b<\/p>\n\n\n\n<p>Pytlovan\u00e9 krmiva dod\u00e1v\u00e1me pod vlastn\u00ed zna\u010dkou BonaFeed.<\/p>\n\n\n\n<p><strong>V\u00edce informac\u00ed o produktech najdete na str\u00e1nk\u00e1ch <\/strong><a href=\"https:\/\/www.bonafeed.cz\/\">https:\/\/www.bonafeed.cz\/<\/a><\/p>\n\n\n\n<p><\/p>\n\n\n\n<p><strong>V\u00fddejn\u00ed m\u00edsta<\/strong><\/p>\n\n\n\n<p>VKS Bonagro Ji\u0159\u00edkovice \u2013 PO 8-19; ST,&nbsp;\u010cT 6-14<\/p>\n\n\n\n<p>Are\u00e1l Bonagro Tvaro\u017en\u00e1 (vr\u00e1tnice) \u2013 PO-P\u00c1 6-20<\/p>\n\n\n\n<p>Are\u00e1l Bonagro&nbsp; Vin. \u0160umice (vr\u00e1tnice) \u2013 PO-P\u00c1 8-15<\/p>\n\n\n\n<p>ZEAS La\u017e\u00e1nky \u2013 PO-P\u00c1 8-15<\/p>\n\n\n\n<p>ZP Hv\u011bzdlice Chvalkovice \u2013 PO 15-19 nebo po tel. domluv\u011b +420 773&nbsp;920&nbsp;323<\/p>\n\n\n\n<p><strong>Maloobchod, rozvoz a dotazy<\/strong><\/p>\n\n\n\n<p>Bc. Helena Petrov\u00e1<\/p>\n\n\n\n<p>+420&nbsp;771&nbsp;274&nbsp;615<\/p>\n\n\n\n<p><a href=\"mailto:helena.petrova@bonagro.eu\">helena.petrova@bonagro.eu<\/a><\/p>\n\n\n\n<p><strong>Velkoobchod<\/strong><\/p>\n\n\n\n<p>Ing. Jakub Urban<\/p>\n\n\n\n<p>+420 724 907 013<\/p>\n\n\n\n<p><a href=\"mailto:jakub.urban@bonagro.eu\">jakub.urban@bonagro.eu<\/a><\/p>\n\n\n\n<p>tel.: +420 724 907 013<br>email: jakub.urban@bonagro.eu<br><\/p>\n","protected":false},"excerpt":{"rendered":"<p>V\u00fdrobna krmn\u00fdch sm\u011bs\u00edM\u00edch\u00e1rna a su\u0161\u00e1rna krmiv spolu se skladovac\u00ed kapacitou se nach\u00e1z\u00ed na st\u0159edisku v Ji\u0159\u00edkovic\u00edch. V\u00fdrobna krmn\u00fdch sm\u011bs\u00ed zaji\u0161\u0165uje pot\u0159ebu vlastn\u00ed \u017eivo\u010di\u0161n\u00e9 v\u00fdroby a vyr\u00e1b\u00ed sm\u011bsi i pro ostatn\u00ed odb\u011bratele. V roce 2004 prob\u011bhla modernizace m\u00edch\u00e1rny. Cel\u00fd provoz je \u0159\u00edzen v\u00fdpo\u010detn\u00ed technikou a odpov\u00edd\u00e1 v\u0161em po\u017eadavk\u016fm dan\u00fdm z\u00e1konem, vyhl\u00e1\u0161kou&#8230;<\/p>\n","protected":false},"author":1,"featured_media":0,"parent":0,"menu_order":0,"comment_status":"closed","ping_status":"closed","template":"","meta":{"footnotes":""},"class_list":["post-95","page","type-page","status-publish","hentry"],"_links":{"self":[{"href":"https:\/\/bonagro.eu\/index.php\/wp-json\/wp\/v2\/pages\/95","targetHints":{"allow":["GET"]}}],"collection":[{"href":"https:\/\/bonagro.eu\/index.php\/wp-json\/wp\/v2\/pages"}],"about":[{"href":"https:\/\/bonagro.eu\/index.php\/wp-json\/wp\/v2\/types\/page"}],"author":[{"embeddable":true,"href":"https:\/\/bonagro.eu\/index.php\/wp-json\/wp\/v2\/users\/1"}],"replies":[{"embeddable":true,"href":"https:\/\/bonagro.eu\/index.php\/wp-json\/wp\/v2\/comments?post=95"}],"version-history":[{"count":13,"href":"https:\/\/bonagro.eu\/index.php\/wp-json\/wp\/v2\/pages\/95\/revisions"}],"predecessor-version":[{"id":835,"href":"https:\/\/bonagro.eu\/index.php\/wp-json\/wp\/v2\/pages\/95\/revisions\/835"}],"wp:attachment":[{"href":"https:\/\/bonagro.eu\/index.php\/wp-json\/wp\/v2\/media?parent=95"}],"curies":[{"name":"wp","href":"https:\/\/api.w.org\/{rel}","templated":true}]}}