{"id":82,"date":"2017-05-04T16:11:40","date_gmt":"2017-05-04T14:11:40","guid":{"rendered":"https:\/\/bonagro.eu\/?page_id=82"},"modified":"2017-05-09T17:02:46","modified_gmt":"2017-05-09T15:02:46","slug":"zivocisna","status":"publish","type":"page","link":"https:\/\/bonagro.eu\/index.php\/zivocisna\/","title":{"rendered":"\u017divo\u010di\u0161n\u00e1 v\u00fdroba"},"content":{"rendered":"<p>Je zam\u011b\u0159ena p\u0159ev\u00e1\u017en\u011b na chov skotu s tr\u017en\u00ed produkc\u00ed ml\u00e9ka. Dojnice jsou hol\u0161t\u00fdnsk\u00e9ho plemene. Chov dojnic je ust\u00e1jen na dvou farm\u00e1ch, ka\u017ed\u00e1 farma m\u00e1 sv\u016fj uzav\u0159en\u00fd obrat st\u00e1da. Na st\u0159edisku ve \u0160lapanic\u00edch je ust\u00e1jeno 700 dojnic a na st\u0159edisku ve Vini\u010dn\u00fdch \u0160umic\u00edch je ust\u00e1jeno 350 dojnic. Ro\u010dn\u00ed produkce ml\u00e9ka \u010din\u00ed celkem 8,5 mil. litr\u016f ml\u00e9ka. Kvalitn\u00ed ml\u00e9ko je dod\u00e1v\u00e1no do ml\u00e9k\u00e1rny Olma v Olomouci. Ob\u011b st\u0159ediska jsou vybaveny pln\u011b automatizovan\u00fdmi doj\u00edrnami od v\u00fdrobce De Laval. Ust\u00e1jen\u00ed dojnic ve \u0160lapanic\u00edch je v zrekonstruovan\u00fdch st\u00e1j\u00edch se stlan\u00fdm provozem. Ve Vini\u010dn\u00fdch \u0160umic\u00edch jsou produk\u010dn\u00ed st\u00e1je s ro\u0161tov\u00fdm odklizem hnoje, kter\u00e9 jsou pr\u016fb\u011b\u017en\u011b rekonstruov\u00e1ny od roku 2006. Ve\u0161ker\u00e9 objemn\u00e9 a jadrn\u00e9 krmivo je z vlastn\u00ed produkce. Jsou nakupov\u00e1ny pouze miner\u00e1ln\u00ed vitaminov\u00e9 a b\u00edlkovinov\u00e9 komponenty. Uskladn\u011bn\u00ed objemn\u00fdch krmiv je v sil\u00e1\u017en\u00edch \u017elabech a ve vac\u00edch od v\u00fdrobce AG BAG. Ro\u010dn\u00ed spot\u0159eba krmiva pro skot je 10000 tun kuku\u0159i\u010dn\u00e9 sil\u00e1\u017ee a 6000 tun vojt\u011b\u0161kov\u00e9, obiln\u00ed a travn\u00ed sen\u00e1\u017ee. Produkce statkov\u00fdch hnojiv skotu je ve form\u011b chl\u00e9vsk\u00e9 mrvy a kejdy. Tyto slo\u017eky se aplikuj\u00ed k p\u0159ihnojen\u00ed plodin p\u011bstovan\u00e9 v rostlinn\u00e9 v\u00fdrob\u011b. Pro skladov\u00e1n\u00ed statkov\u00fdch hnojiv slou\u017e\u00ed st\u00e1jn\u00ed hnoji\u0161t\u011b a kejdov\u00e9 velkokapacitn\u00ed j\u00edm\u00adky.<\/p>\n","protected":false},"excerpt":{"rendered":"<p>Je zam\u011b\u0159ena p\u0159ev\u00e1\u017en\u011b na chov skotu s tr\u017en\u00ed produkc\u00ed ml\u00e9ka. Dojnice jsou hol\u0161t\u00fdnsk\u00e9ho plemene. Chov dojnic je ust\u00e1jen na dvou farm\u00e1ch, ka\u017ed\u00e1 farma m\u00e1 sv\u016fj uzav\u0159en\u00fd obrat st\u00e1da. Na st\u0159edisku ve \u0160lapanic\u00edch je ust\u00e1jeno 700 dojnic a na st\u0159edisku ve Vini\u010dn\u00fdch \u0160umic\u00edch je ust\u00e1jeno 350 dojnic. Ro\u010dn\u00ed produkce ml\u00e9ka \u010din\u00ed&#8230;<\/p>\n","protected":false},"author":1,"featured_media":0,"parent":0,"menu_order":0,"comment_status":"closed","ping_status":"closed","template":"","meta":{"footnotes":""},"class_list":["post-82","page","type-page","status-publish","hentry"],"_links":{"self":[{"href":"https:\/\/bonagro.eu\/index.php\/wp-json\/wp\/v2\/pages\/82","targetHints":{"allow":["GET"]}}],"collection":[{"href":"https:\/\/bonagro.eu\/index.php\/wp-json\/wp\/v2\/pages"}],"about":[{"href":"https:\/\/bonagro.eu\/index.php\/wp-json\/wp\/v2\/types\/page"}],"author":[{"embeddable":true,"href":"https:\/\/bonagro.eu\/index.php\/wp-json\/wp\/v2\/users\/1"}],"replies":[{"embeddable":true,"href":"https:\/\/bonagro.eu\/index.php\/wp-json\/wp\/v2\/comments?post=82"}],"version-history":[{"count":3,"href":"https:\/\/bonagro.eu\/index.php\/wp-json\/wp\/v2\/pages\/82\/revisions"}],"predecessor-version":[{"id":129,"href":"https:\/\/bonagro.eu\/index.php\/wp-json\/wp\/v2\/pages\/82\/revisions\/129"}],"wp:attachment":[{"href":"https:\/\/bonagro.eu\/index.php\/wp-json\/wp\/v2\/media?parent=82"}],"curies":[{"name":"wp","href":"https:\/\/api.w.org\/{rel}","templated":true}]}}